{"id":367,"date":"2025-01-03T08:13:06","date_gmt":"2025-01-03T08:13:06","guid":{"rendered":"https:\/\/welcomeservizi.it\/?page_id=367"},"modified":"2025-01-03T08:13:06","modified_gmt":"2025-01-03T08:13:06","slug":"informativa-sullutilizzo-dei-cookie","status":"publish","type":"page","link":"https:\/\/welcomeservizi.it\/?page_id=367","title":{"rendered":"Informativa sull&#8217;Utilizzo dei Cookie"},"content":{"rendered":"\n<p>Grazie per aver visitato il nostro sito web! Ci teniamo a rassicurarti sul fatto che non utilizziamo alcun tipo di cookie sul nostro sito.<\/p>\n\n\n\n<p>I cookie sono piccoli file di testo che vengono salvati sul dispositivo dell&#8217;utente durante la navigazione su un sito web. Molti siti li utilizzano per raccogliere informazioni sugli utenti, migliorare l&#8217;esperienza di navigazione o personalizzare i contenuti. Tuttavia, abbiamo deciso di non fare uso di cookie, n\u00e9 per finalit\u00e0 tecniche, n\u00e9 per analisi o marketing.<\/p>\n\n\n\n<p><strong>Cosa significa per te?<\/strong><\/p>\n\n\n\n<ul class=\"wp-block-list\">\n<li>Nessun dato personale viene raccolto o salvato durante la tua visita al nostro sito.<\/li>\n\n\n\n<li>La tua esperienza di navigazione rimane completamente anonima.<\/li>\n\n\n\n<li>Non utilizziamo alcuno strumento per tracciare il tuo comportamento o per profilare le tue preferenze.<\/li>\n<\/ul>\n\n\n\n<p>Se hai domande o desideri ulteriori chiarimenti riguardo al nostro approccio alla privacy, non esitare a contattarci tramite i canali indicati nella nostra sezione &#8220;Contatti&#8221;.<\/p>\n\n\n\n<p>Grazie per la tua fiducia!<\/p>\n","protected":false},"excerpt":{"rendered":"<p>Grazie per aver visitato il nostro sito web! Ci teniamo a rassicurarti sul fatto che non utilizziamo alcun tipo di [&hellip;]<\/p>\n","protected":false},"author":1,"featured_media":0,"parent":0,"menu_order":0,"comment_status":"closed","ping_status":"closed","template":"","meta":{"site-sidebar-layout":"default","site-content-layout":"","ast-site-content-layout":"default","site-content-style":"default","site-sidebar-style":"default","ast-global-header-display":"","ast-banner-title-visibility":"","ast-main-header-display":"","ast-hfb-above-header-display":"","ast-hfb-below-header-display":"","ast-hfb-mobile-header-display":"","site-post-title":"","ast-breadcrumbs-content":"","ast-featured-img":"","footer-sml-layout":"","theme-transparent-header-meta":"","adv-header-id-meta":"","stick-header-meta":"","header-above-stick-meta":"","header-main-stick-meta":"","header-below-stick-meta":"","astra-migrate-meta-layouts":"default","ast-page-background-enabled":"default","ast-page-background-meta":{"desktop":{"background-color":"var(--ast-global-color-4)","background-image":"","background-repeat":"repeat","background-position":"center center","background-size":"auto","background-attachment":"scroll","background-type":"","background-media":"","overlay-type":"","overlay-color":"","overlay-opacity":"","overlay-gradient":""},"tablet":{"background-color":"","background-image":"","background-repeat":"repeat","background-position":"center center","background-size":"auto","background-attachment":"scroll","background-type":"","background-media":"","overlay-type":"","overlay-color":"","overlay-opacity":"","overlay-gradient":""},"mobile":{"background-color":"","background-image":"","background-repeat":"repeat","background-position":"center center","background-size":"auto","background-attachment":"scroll","background-type":"","background-media":"","overlay-type":"","overlay-color":"","overlay-opacity":"","overlay-gradient":""}},"ast-content-background-meta":{"desktop":{"background-color":"var(--ast-global-color-5)","background-image":"","background-repeat":"repeat","background-position":"center center","background-size":"auto","background-attachment":"scroll","background-type":"","background-media":"","overlay-type":"","overlay-color":"","overlay-opacity":"","overlay-gradient":""},"tablet":{"background-color":"var(--ast-global-color-5)","background-image":"","background-repeat":"repeat","background-position":"center center","background-size":"auto","background-attachment":"scroll","background-type":"","background-media":"","overlay-type":"","overlay-color":"","overlay-opacity":"","overlay-gradient":""},"mobile":{"background-color":"var(--ast-global-color-5)","background-image":"","background-repeat":"repeat","background-position":"center center","background-size":"auto","background-attachment":"scroll","background-type":"","background-media":"","overlay-type":"","overlay-color":"","overlay-opacity":"","overlay-gradient":""}},"footnotes":""},"class_list":["post-367","page","type-page","status-publish","hentry"],"_links":{"self":[{"href":"https:\/\/welcomeservizi.it\/index.php?rest_route=\/wp\/v2\/pages\/367","targetHints":{"allow":["GET"]}}],"collection":[{"href":"https:\/\/welcomeservizi.it\/index.php?rest_route=\/wp\/v2\/pages"}],"about":[{"href":"https:\/\/welcomeservizi.it\/index.php?rest_route=\/wp\/v2\/types\/page"}],"author":[{"embeddable":true,"href":"https:\/\/welcomeservizi.it\/index.php?rest_route=\/wp\/v2\/users\/1"}],"replies":[{"embeddable":true,"href":"https:\/\/welcomeservizi.it\/index.php?rest_route=%2Fwp%2Fv2%2Fcomments&post=367"}],"version-history":[{"count":1,"href":"https:\/\/welcomeservizi.it\/index.php?rest_route=\/wp\/v2\/pages\/367\/revisions"}],"predecessor-version":[{"id":368,"href":"https:\/\/welcomeservizi.it\/index.php?rest_route=\/wp\/v2\/pages\/367\/revisions\/368"}],"wp:attachment":[{"href":"https:\/\/welcomeservizi.it\/index.php?rest_route=%2Fwp%2Fv2%2Fmedia&parent=367"}],"curies":[{"name":"wp","href":"https:\/\/api.w.org\/{rel}","templated":true}]}}